{"id":13872,"date":"2015-10-25T17:42:56","date_gmt":"2015-10-25T16:42:56","guid":{"rendered":"http:\/\/www.nerd-o-mania.de\/wordpress\/?page_id=13872"},"modified":"2025-04-09T11:30:55","modified_gmt":"2025-04-09T09:30:55","slug":"cookieinfo","status":"publish","type":"page","link":"https:\/\/www.nerd-o-mania.de\/wordpress\/cookieinfo\/","title":{"rendered":"cookieinfo"},"content":{"rendered":"\r\n<h2 class=\"wp-block-heading\">Datenschutzerkl\u00e4rung gem\u00e4\u00df DSGVO<\/h2>\r\n\r\n\r\n<p><strong>Geltungsbereich<\/strong><\/p>\r\n\r\n\r\n<p>Diese Datenschutzerkl\u00e4rung kl\u00e4rt Nutzer \u00fcber die Art, den Umfang und Zwecke der Erhebung und Verwendung personenbezogener Daten durch den verantwortlichen Anbieter (Peter Awiszus Tel.: 023113385602 Email: p.awiszus@nerd-o-mania.de)\u00a0auf dieser Website (im folgenden \u201cAngebot\u201d) auf.<\/p>\r\n\r\n\r\n<p>Die rechtlichen Grundlagen des Datenschutzes finden sich im Bundesdatenschutzgesetz (BDSG) und dem Telemediengesetz (TMG).<\/p>\r\n\r\n\r\n<p><strong>Zugriffsdaten\/ Server-Logfiles<\/strong><\/p>\r\n\r\n\r\n<p><span class=\"sd-muster-content\">Der Anbieter (beziehungsweise sein Webspace-Provider) erhebt Daten \u00fcber jeden Zugriff auf das Angebot (so genannte Serverlogfiles). Zu den Zugriffsdaten geh\u00f6ren:<\/span><\/p>\r\n\r\n\r\n<p>Name der abgerufenen Webseite, Datei, Datum und Uhrzeit des Abrufs, \u00fcbertragene Datenmenge, Meldung \u00fcber erfolgreichen Abruf, Browsertyp nebst Version, das Betriebssystem des Nutzers, Referrer URL (die zuvor besuchte Seite), IP-Adresse und der anfragende Provider.<\/p>\r\n\r\n\r\n<p>Der Anbieter verwendet die Protokolldaten nur f\u00fcr statistische Auswertungen zum Zweck des Betriebs, der Sicherheit und der Optimierung des Angebotes. Der Anbieter beh\u00e4lt sich jedoch vor, die Protokolldaten nachtr\u00e4glich zu \u00fcberpr\u00fcfen, wenn aufgrund konkreter Anhaltspunkte der berechtigte Verdacht einer rechtswidrigen Nutzung besteht.<\/p>\r\n\r\n\r\n<p><strong>Umgang mit personenbezogenen Daten<\/strong><\/p>\r\n\r\n\r\n<p><span class=\"sd-muster-content\">Personenbezogene Daten sind Informationen, mit deren Hilfe eine Person bestimmbar ist, also Angaben, die zur\u00fcck zu einer Person verfolgt werden k\u00f6nnen. Dazu geh\u00f6ren der Name, die Emailadresse oder die Telefonnummer. Aber auch Daten \u00fcber Vorlieben, Hobbies, Mitgliedschaften oder welche Webseiten von jemandem angesehen wurden z\u00e4hlen zu personenbezogenen Daten.<\/span><\/p>\r\n\r\n\r\n<p>Personenbezogene Daten werden von dem Anbieter nur dann erhoben, genutzt und weiter gegeben, wenn dies gesetzlich erlaubt ist oder die Nutzer in die Datenerhebung einwilligen.<\/p>\r\n\r\n\r\n<p><strong>Kontaktaufnahme<\/strong><\/p>\r\n\r\n\r\n<p><span class=\"sd-muster-content\">Bei der Kontaktaufnahme mit dem Anbieter (zum Beispiel per Kontaktformular oder E-Mail) werden die Angaben des Nutzers zwecks Bearbeitung der Anfrage sowie f\u00fcr den Fall, dass Anschlussfragen entstehen, gespeichert.<\/span><\/p>\r\n\r\n\r\n<p><strong>Kommentare und Beitr\u00e4ge<\/strong><\/p>\r\n\r\n\r\n<p><span class=\"sd-muster-content\">Wenn Nutzer Kommentare im Blog oder sonstige Beitr\u00e4ge hinterlassen, werden ihre IP-Adressen gespeichert. Das erfolgt zur Sicherheit des Anbieters, falls jemand in Kommentaren und Beitr\u00e4gen widerrechtliche Inhalte schreibt (Beleidigungen, verbotene politische Propaganda, etc.). In diesem Fall kann der Anbieter selbst f\u00fcr den Kommentar oder Beitrag belangt werden und ist daher an der Identit\u00e4t des Verfassers interessiert.<\/span><\/p>\r\n\r\n\r\n<p><strong>Kommentarabonnements<\/strong><\/p>\r\n\r\n\r\n<p><span class=\"sd-muster-content\">Die Nachfolgekommentare k\u00f6nnen durch Nutzer abonniert werden. Die Nutzer erhalten eine Best\u00e4tigungsemail, um zu \u00fcberpr\u00fcfen, ob sie der Inhaber der eingegebenen Emailadresse sind. Nutzer k\u00f6nnen laufende Kommentarabonnements jederzeit abbestellen. Die Best\u00e4tigungsemail wird Hinweise dazu enthalten.<\/span><\/p>\r\n\r\n\r\n<p><strong>Einbindung von Diensten und Inhalten Dritter<\/strong><\/p>\r\n\r\n\r\n<p><strong>OpenStreetMap:<\/strong>\u00a0Wir binden die Landkarten des Dienstes \u201cOpenStreetMap\u201d ein, die auf Grundlage der Open Data Commons Open Database Lizenz (ODbL) durch die OpenStreetMap Foundation (OSMF) angeboten werden. Die Daten der Nutzer<em>innen werden durch OpenStreetMap ausschlie\u00dflich zu Zwecken der Darstellung der Kartenfunktionen und zur Zwischenspeicherung der gew\u00e4hlten Einstellungen verwendet. Zu diesen Daten k\u00f6nnen insbesondere IP-Adressen und Standortdaten der Nutzer<\/em>innen geh\u00f6ren, die jedoch nicht ohne deren Einwilligung (im Regelfall im Rahmen der Einstellungen ihrer Mobilger\u00e4te vollzogen) erhoben werden. Dienstanbieter: OpenStreetMap Foundation (OSMF); Website:\u00a0<a href=\"https:\/\/www.openstreetmap.de\/\" target=\"_blank\" rel=\"noreferrer noopener\">https:\/\/www.openstreetmap.de<\/a>; Datenschutzerkl\u00e4rung:\u00a0<a href=\"https:\/\/wiki.openstreetmap.org\/wiki\/Privacy_Policy\" target=\"_blank\" rel=\"noreferrer noopener\">https:\/\/wiki.openstreetmap.org\/wiki\/Privacy_Policy<\/a>.<\/p>\r\n\r\n\r\n<p><strong>unpkg<\/strong>: Wir nutzen das Content Delivery Network (CDN) unpkg, um schnellere Ladezeiten, eine verringerte Webserver-Auslastung und eine geringere Bandbreitenauslastung (und damit eine optimierte Performance) zu erm\u00f6glichen. Mit dem CDN werden Webseiteninhalte wie Skripte und Stylesheets \u00fcber einen Verbund von regional verteilten Servern schneller ausgeliefert. Zu diesem Zweck muss dein Browser Verbindung zu den Servern von unpkg aufnehmen. Hierdurch erlangt unpkg Kenntnis dar\u00fcber, dass \u00fcber deine IP-Adresse diese Website aufgerufen wurde. Sollten die betreffenden Dateien bereits vorher auf einer anderen Seite vom CDN geladen worden sein, wird in der Regel dein Browser stattdessen automatisch auf die im Cache abgelegte Kopie zur\u00fcckgreifen. Die verantwortliche Person von unpgk, Michael Jackson, versichert \u00fcber seinen Twitter-Account, dass unpkg keinerlei anfallende Daten sammelt, auswertet oder speichert:\u00a0<a href=\"https:\/\/twitter.com\/mjackson\/status\/987342097773617152\" target=\"_blank\" rel=\"noreferrer noopener\">https:\/\/twitter.com\/mjackson\/status\/987342097773617152<\/a><\/p>\r\n\r\n\r\n<p><span class=\"sd-muster-content\">Es kann vorkommen, dass innerhalb dieses Onlineangebotes Inhalte Dritter, wie zum Beispiel Videos von YouTube, Kartenmaterial von Google-Maps oder Open Street Maps, RSS-Feeds oder Grafiken von anderen Webseiten eingebunden werden. Dies setzt immer voraus, dass die Anbieter dieser Inhalte (nachfolgend bezeichnet als &#8222;Dritt-Anbieter&#8220;) die IP-Adresse der Nutzer wahr nehmen. Denn ohne die IP-Adresse, k\u00f6nnten sie die Inhalte nicht an den Browser des jeweiligen Nutzers senden. Die IP-Adresse ist damit f\u00fcr die Darstellung dieser Inhalte erforderlich. Wir bem\u00fchen uns nur solche Inhalte zu verwenden, deren jeweilige Anbieter die IP-Adresse lediglich zur Auslieferung der Inhalte verwenden. Jedoch haben wir keinen Einfluss darauf, falls die Dritt-Anbieter die IP-Adresse z.B. f\u00fcr statistische Zwecke speichern. Soweit dies uns bekannt ist, kl\u00e4ren wir die Nutzer dar\u00fcber auf.<br \/>\r\n<\/span><\/p>\r\n\r\n\r\n<p><strong>Cookies<\/strong><\/p>\r\n\r\n\r\n<p><span class=\"sd-muster-content\">Cookies sind kleine Dateien, die es erm\u00f6glichen, auf dem Zugriffsger\u00e4t der Nutzer (PC, Smartphone o.\u00e4.) spezifische, auf das Ger\u00e4t bezogene Informationen zu speichern. Sie dienen zum einem der Benutzerfreundlichkeit von Webseiten und damit den Nutzern (z.B. Speicherung von Logindaten). Zum anderen dienen sie, um die statistische Daten der Webseitennutzung zu erfassen und sie zwecks Verbesserung des Angebotes analysieren zu k\u00f6nnen. Die Nutzer k\u00f6nnen auf den Einsatz der Cookies Einfluss nehmen. Die meisten Browser verf\u00fcgen eine Option mit der das Speichern von Cookies eingeschr\u00e4nkt oder komplett verhindert wird. Allerdings wird darauf hingewiesen, dass die Nutzung und insbesondere der Nutzungskomfort ohne Cookies eingeschr\u00e4nkt werden.<\/span><\/p>\r\n\r\n\r\n<p>Sie k\u00f6nnen viele Online-Anzeigen-Cookies von Unternehmen \u00fcber die US-amerikanische Seite <a href=\"http:\/\/www.aboutads.info\/choices\/\" target=\"_blank\" rel=\"noopener\">http:\/\/www.aboutads.info\/choices\/<\/a> oder die EU-Seite <a href=\"http:\/\/www.youronlinechoices.com\/uk\/your-ad-choices\/ \" target=\"_blank\" rel=\"noopener\">http:\/\/www.youronlinechoices.com\/uk\/your-ad-choices\/ <\/a> verwalten.<\/p>\r\n\r\n\r\n<p>Cookie Einstellungen anzeigen und\/oder anpassen: <span class=\"borlabs-cookie-open-dialog-preferences brlbs-cmpnt-container\" data-borlabs-cookie-title=\"Cookies anpassen\" data-borlabs-cookie-type=\"button\" ><\/span>\r\n\r\n\r\n<p><strong>VG Wort<\/strong><\/p>\r\n\r\n\r\n<p>Cookies und Meldungen zu Zugriffszahlen<br \/>\r\nWir setzen \u201eSession-Cookies\u201c der VG Wort, M\u00fcnchen, zur Messung von Zugriffen auf Texten ein, um die Kopierwahrscheinlichkeit zu erfassen. Session-Cookies sind kleine Informationseinheiten, die ein Anbieter im Arbeitsspeicher des Computers des Besuchers speichert. In einem Session-Cookie wird eine zuf\u00e4llig erzeugte eindeutige Identifikationsnummer abgelegt, eine sogenannte Session-ID. Au\u00dferdem enth\u00e4lt ein Cookie die Angabe \u00fcber seine Herkunft und die Speicherfrist. Session-Cookies k\u00f6nnen keine anderen Daten speichern. Diese Messungen werden von der Kantar Germany GmbH nach dem Skalierbaren Zentralen Messverfahren (SZM) durchgef\u00fchrt. Sie helfen dabei, die Kopierwahrscheinlichkeit einzelner Texte zur Verg\u00fctung von gesetzlichen Anspr\u00fcchen von Autoren und Verlagen zu ermitteln. Wir erfassen keine personenbezogenen Daten \u00fcber Cookies.<\/p>\r\n\r\n\r\n<p>Unserer Seiten sind mit JavaScript-Aufrufen versehen, \u00fcber die wir die Zugriffe an die Verwertungsgesellschaft Wort (VG Wort) melden. Wir erm\u00f6glichen damit, dass unsere Autoren an den Aussch\u00fcttungen der VG Wort partizipieren, die die gesetzliche Verg\u00fctung f\u00fcr die Nutzungen urheberrechtlich gesch\u00fctzter Werke gem. \u00a7 53 UrhG sicherstellen.<\/p>\r\n\r\n\r\n<p>Eine Nutzung dieser Webseite ist auch ohne Cookies m\u00f6glich. Die meisten Browser sind so eingestellt, dass sie Cookies automatisch akzeptieren. Sie k\u00f6nnen das Speichern von Cookies jedoch deaktivieren oder Ihren Browser so einstellen, dass er Sie benachrichtigt, sobald Cookies gesendet werden.<\/p>\r\n\r\n\r\n<p><strong>Datenschutzerkl\u00e4rung zur Nutzung des Skalierbaren Zentralen Messverfahrens<\/strong><\/p>\r\n\r\n\r\n<p>Unsere Website und unser mobiles Webangebot nutzen das \u201eSkalierbare Zentrale Messverfahren\u201c (SZM) der Kantar Germany GmbH f\u00fcr die Ermittlung statistischer Kennwerte zur Ermittlung der Kopierwahrscheinlichkeit von Texten.<\/p>\r\n\r\n\r\n<p>Dabei werden anonyme Messwerte erhoben. Die Zugriffszahlenmessung verwendet zur Wiedererkennung von Computersystemen alternativ ein Session-Cookie oder eine Signatur, die aus verschiedenen automatisch \u00fcbertragenen Informationen Ihres Browsers erstellt wird. IP-Adressen werden nur in anonymisierter Form verarbeitet.<\/p>\r\n\r\n\r\n<p>Das Verfahren wurde unter der Beachtung des Datenschutzes entwickelt. Einziges Ziel des Verfahrens ist es, die Kopierwahrscheinlichkeit einzelner Texte zu ermitteln.<\/p>\r\n\r\n\r\n<p><strong>Registrierfunktion<\/strong><\/p>\r\n\r\n\r\n<p><span class=\"sd-muster-content\">Die im Rahmen der Registrierung eingegebenen Daten werden f\u00fcr die Zwecke der Nutzung des Angebotes verwendet. Die Nutzer k\u00f6nnen \u00fcber angebots- oder registrierungsrelevante Informationen, wie \u00c4nderungen des Angebotsumfangs oder technische Umst\u00e4nde per E-Mail informiert werden. Die erhobenen Daten sind aus der Eingabemaske im Rahmen der Registrierung ersichtlich. Dazu geh\u00f6ren (erforderlich:\u00a0Name, Wohnort, Email-Adresse &#8211; Freiwillig: Alter, Geschlecht, Lieblingsbuch, Lieblingsfilm, pers\u00f6nliche Infos].<\/span><\/p>\r\n\r\n\r\n<p><strong>Google Analytics<\/strong><\/p>\r\n\r\n\r\n<p><span class=\"sd-muster-content\">Dieses Angebot benutzt Google Analytics, einen Webanalysedienst der Google Inc. (\u201eGoogle\u201c). Google Analytics verwendet sog. \u201eCookies\u201c, Textdateien, die auf Computer der Nutzer gespeichert werden und die eine Analyse der Benutzung der Website durch sie erm\u00f6glichen. Die durch den Cookie erzeugten Informationen \u00fcber Benutzung dieser Website durch die Nutzer werden in der Regel an einen Server von Google in den USA \u00fcbertragen und dort gespeichert.<\/span><\/p>\r\n\r\n\r\n<p>Im Falle der Aktivierung der IP-Anonymisierung auf dieser Webseite, wird die IP-Adresse der Nutzer von Google jedoch innerhalb von Mitgliedstaaten der Europ\u00e4ischen Union oder in anderen Vertragsstaaten des Abkommens \u00fcber den Europ\u00e4ischen Wirtschaftsraum zuvor gek\u00fcrzt. Nur in Ausnahmef\u00e4llen wird die volle IP-Adresse an einen Server von Google in den USA \u00fcbertragen und dort gek\u00fcrzt. Die IP-Anonymisierung ist auf dieser Website aktiv. Im Auftrag des Betreibers dieser Website wird Google diese Informationen benutzen, um die Nutzung der Website durch die Nutzer auszuwerten, um Reports \u00fcber die Websiteaktivit\u00e4ten zusammenzustellen und um weitere mit der Websitenutzung und der Internetnutzung verbundene Dienstleistungen gegen\u00fcber dem Websitebetreiber zu erbringen.<\/p>\r\n\r\n\r\n<p>Die im Rahmen von Google Analytics von Ihrem Browser \u00fcbermittelte IP-Adresse wird nicht mit anderen Daten von Google zusammengef\u00fchrt. Die Nutzer k\u00f6nnen die Speicherung der Cookies durch eine entsprechende Einstellung Ihrer Browser-Software verhindern; Dieses Angebot weist die Nutzer jedoch darauf hin, dass Sie in diesem Fall gegebenenfalls nicht s\u00e4mtliche Funktionen dieser Website vollumf\u00e4nglich werden nutzen k\u00f6nnen. Die Nutzer k\u00f6nnen dar\u00fcber hinaus die Erfassung der durch das Cookie erzeugten und auf ihre Nutzung der Website bezogenen Daten (inkl. Ihrer IP-Adresse) an Google sowie die Verarbeitung dieser Daten durch Google verhindern, indem sie das unter dem folgenden Link verf\u00fcgbare Browser-Plugin herunterladen und installieren: <a href=\"http:\/\/tools.google.com\/dlpage\/gaoptout?hl=de\" target=\"_blank\" rel=\"noopener\">http:\/\/tools.google.com\/dlpage\/gaoptout?hl=de<\/a>.<\/p>\r\n\r\n\r\n<p>Alternativ zum Browser-Add-On oder innerhalb von Browsern auf mobilen Ger\u00e4ten, k\u00f6nnen Sie \u00fcber folgenden Button aktivieren, bzw. deaktivieren<\/p>\r\n\r\n\r\n\r\n\r\n\r\n<p>um die Erfassung durch Google Analytics innerhalb dieser Website zuk\u00fcnftig zu verhindern. Dabei wird ein Opt-Out-Cookie auf Ihrem Ger\u00e4t abgelegt. L\u00f6schen Sie Ihre Cookies, m\u00fcssen Sie diesen Button erneut anklicken.<\/p>\r\n\r\n\r\n<p><strong>Google Fonts<\/strong><\/p>\r\n\r\n\r\n<p>Diese Webseite benutzt aus Designgr\u00fcnden die Google Fonts. Wenn Du diese Seite besuchst werden diese Schriftarten von den google Servern heruntergeladen. Dadurch werden unter Umst\u00e4nden die besuchten Seiten zu google \u00fcbertragen. Wenn Du dies nicht willst, darfst Du diese Seite nicht besuchen.<\/p>\r\n\r\n\r\n<p><strong>Matomo (vorm. Piwik)<\/strong><\/p>\r\n\r\n\r\n[matomo_opt_out]\r\n\r\n\r\n<p><span class=\"sd-muster-content\">Dieses Angebot benutzt <a href=\"http:\/\/piwik.org\/\" target=\"_blank\" rel=\"noopener\">Piwik\/Matomo<\/a>, eine Open-Source-Software zur statistischen Auswertung der Nutzerzugriffe. Matomo verwendet sog. \u201cCookies\u201d, Textdateien, die auf dem Computer der Nutzer gespeichert werden und die eine Analyse der Benutzung der Website durch die Nutzer erm\u00f6glichen. Die durch den Cookie erzeugten Informationen \u00fcber die Benutzung dieses Agebotes werden auf dem Server des Anbieters in Deutschland gespeichert. Die IP-Adresse wird sofort nach der Verarbeitung und vor deren Speicherung anonymisiert. Nutzer k\u00f6nnen die Installation der Cookies durch eine entsprechende Einstellung Ihrer Browser-Software verhindern; Der Anbieter weist dich als Nutzer jedoch darauf hin, dass Du in diesem Fall gegebenenfalls nicht s\u00e4mtliche Funktionen dieser Website vollumf\u00e4nglich nutzen kannst.<\/span><\/p>\r\n\r\n\r\n<p><iframe style=\"border: 0; height: 200px; width: 600px;\" src=\"https:\/\/www.nerd-o-mania.de\/analytics\/index.php?module=CoreAdminHome&amp;action=optOut&amp;language=de&amp;backgroundColor=ffffff&amp;fontColor=&amp;fontSize=16px&amp;fontFamily=Poppins%2C%20Arial\"><\/iframe><\/p>\r\n\r\n\r\n<p><strong>Verwendung von Facebook Social Plugins<\/strong><\/p>\r\n\r\n\r\n<p><span class=\"sd-muster-content\">Dieses Angebot verwendet Social Plugins (&#8222;Plugins&#8220;) des sozialen Netzwerkes facebook.com, welches von der Facebook Ireland Ltd., 4 Grand Canal Square, Grand Canal Harbour, Dublin 2, Irland betrieben wird (&#8222;Facebook&#8220;). Die Plugins sind an einem der Facebook Logos erkennbar (wei\u00dfes \u201ef\u201c auf blauer Kachel, den Begriffen &#8222;Like&#8220;, &#8222;Gef\u00e4llt mir&#8220; oder einem \u201eDaumen hoch\u201c-Zeichen) oder sind mit dem Zusatz &#8222;Facebook Social Plugin&#8220; gekennzeichnet. Die Liste und das Aussehen der Facebook Social Plugins kann hier eingesehen werden: <a href=\"https:\/\/developers.facebook.com\/docs\/plugins\/\" target=\"_blank\" rel=\"noopener\">https:\/\/developers.facebook.com\/docs\/plugins\/<\/a>.<\/span><\/p>\r\n\r\n\r\n<p>Wenn ein Nutzer eine Webseite dieses Angebots aufruft, die ein solches Plugin enth\u00e4lt, baut sein Browser eine direkte Verbindung mit den Servern von Facebook auf. Der Inhalt des Plugins wird von Facebook direkt an Ihren Browser \u00fcbermittelt und von diesem in die Webseite eingebunden. Der Anbieter hat daher keinen Einfluss auf den Umfang der Daten, die Facebook mit Hilfe dieses Plugins erhebt und informiert die Nutzer daher entsprechend seinem <a href=\"http:\/\/www.facebook.com\/help\/?faq=17512\" target=\"_blank\" rel=\"noopener\">Kenntnisstand<\/a>:<\/p>\r\n\r\n\r\n<p>Durch die Einbindung der Plugins erh\u00e4lt Facebook die Information, dass ein Nutzer die entsprechende Seite des Angebots aufgerufen hat. Ist der Nutzer bei Facebook eingeloggt, kann Facebook den Besuch seinem Facebook-Konto zuordnen. Wenn Nutzer mit den Plugins interagieren, zum Beispiel den Like Button bet\u00e4tigen oder einen Kommentar abgeben, wird die entsprechende Information von Ihrem Browser direkt an Facebook \u00fcbermittelt und dort gespeichert. Falls ein Nutzer kein Mitglied von Facebook ist, besteht trotzdem die M\u00f6glichkeit, dass Facebook seine IP-Adresse in Erfahrung bringt und speichert. Laut Facebook wird in Deutschland nur eine anonymisierte IP-Adresse gespeichert.<\/p>\r\n\r\n\r\n<p>Zweck und Umfang der Datenerhebung und die weitere Verarbeitung und Nutzung der Daten durch Facebook sowie die diesbez\u00fcglichen Rechte und Einstellungsm\u00f6glichkeiten zum Schutz der Privatsph\u00e4re der Nutzer , k\u00f6nnen diese den Datenschutzhinweisen von Facebook entnehmen: <a href=\"https:\/\/www.facebook.com\/about\/privacy\/\" target=\"_blank\" rel=\"noopener\">https:\/\/www.facebook.com\/about\/privacy\/<\/a>.<\/p>\r\n\r\n\r\n<p>Wenn ein Nutzer Facebookmitglied ist und nicht m\u00f6chte, dass Facebook \u00fcber dieses Angebot Daten \u00fcber ihn sammelt und mit seinen bei Facebook gespeicherten Mitgliedsdaten verkn\u00fcpft, muss er sich vor dem Besuch des Internetauftritts bei Facebook ausloggen. Weitere Einstellungen und Widerspr\u00fcche zur Nutzung von Daten f\u00fcr Werbezwecke, sind innerhalb der Facebook-Profileinstellungen m\u00f6glich: <a href=\"https:\/\/www.facebook.com\/settings?tab=ads\" target=\"_blank\" rel=\"noopener\">https:\/\/www.facebook.com\/settings?tab=ads<\/a>.<\/p>\r\n\r\n\r\n<p><strong>Twitter<\/strong><\/p>\r\n\r\n\r\n<p><span class=\"sd-muster-content\">Dieses Angebot nutzt die <a href=\"https:\/\/twitter.com\/about\/resources\/buttons\" target=\"_blank\" rel=\"noopener\">Schaltfl\u00e4chen des Dienstes Twitter<\/a>. Diese Schaltfl\u00e4chen werden angeboten durch die Twitter Inc., 795 Folsom St., Suite 600, San Francisco, CA 94107, USA. Sie sind an Begriffen wie &#8222;Twitter&#8220; oder &#8222;Folge&#8220;, verbunden mit einem stillisierten blauen Vogel erkennbar. Mit Hilfe der Schaltfl\u00e4chen ist es m\u00f6glich einen Beitrag oder Seite dieses Angebotes bei Twitter zu teilen oder dem Anbieter bei Twitter zu folgen.<\/span><\/p>\r\n\r\n\r\n<p>Wenn ein Nutzer eine Webseite dieses Internetauftritts aufruft, die einen solchen Button enth\u00e4lt, baut sein Browser eine direkte Verbindung mit den Servern von Twitter auf. Der Inhalt des Twitter-Schaltfl\u00e4chen wird von Twitter direkt an den Browser des Nutzers \u00fcbermittelt. Der Anbieter hat daher keinen Einfluss auf den Umfang der Daten, die Twitter mit Hilfe dieses Plugins erhebt und informiert die Nutzer entsprechend seinem Kenntnisstand. Nach diesem wird lediglich die IP-Adresse des Nutzers die URL der jeweiligen Webseite beim Bezug des Buttons mit \u00fcbermittelt, aber nicht f\u00fcr andere Zwecke, als die Darstellung des Buttons, genutzt.<br \/>\r\nWeitere Informationen hierzu finden sich in der Datenschutzerkl\u00e4rung von Twitter unter http:\/\/twitter.com\/privacy.<\/p>\r\n\r\n\r\n<p><strong>Google AdSense<\/strong><\/p>\r\n\r\n\r\n<p><span class=\"sd-muster-content\">Dieses Angebot benutzt Google AdSense, einen Dienst zum Einbinden von Werbeanzeigen der Google Inc. (&#8222;Google&#8220;). Google AdSense verwendet sog. &#8222;Cookies&#8220;, Textdateien, die auf dem Computer der Nutzer gespeichert werden und die eine Analyse der Benutzung der Website erm\u00f6glicht. Google AdSense verwendet auch so genannte Web Beacons (unsichtbare Grafiken). Durch diese Web Beacons k\u00f6nnen Informationen wie der Besucherverkehr auf den Seiten dieses Angebots ausgewertet werden.<\/span><\/p>\r\n\r\n\r\n<p>Die durch Cookies und Web Beacons erzeugten Informationen \u00fcber die Benutzung dieser Website (einschlie\u00dflich der IP-Adresse der Nutzer) und Auslieferung von Werbeformaten werden an einen Server von Google in den USA \u00fcbertragen und dort gespeichert. Diese Informationen k\u00f6nnen von Google an Vertragspartner von Google weiter gegeben werden. Google wird Ihre IP-Adresse jedoch nicht mit anderen von Ihnen gespeicherten Daten zusammenf\u00fchren.<\/p>\r\n\r\n\r\n<p>Die Nutzer k\u00f6nnen die Installation der Cookies durch eine entsprechende Einstellung Ihrer Browser Software verhindern; der Anbieter weist die Nutzer jedoch darauf hin, dass sie in diesem Fall gegebenenfalls nicht s\u00e4mtliche Funktionen dieses Angebotes voll umf\u00e4nglich nutzen k\u00f6nnen. Durch die Nutzung dieser Website erkl\u00e4ren die Nutzer sich mit der Bearbeitung der \u00fcber sie erhobenen Daten durch Google in der zuvor beschriebenen Art und Weise und zu dem zuvor benannten Zweck einverstanden.<\/p>\r\n<p><strong>Chatbot.co<\/strong><\/p>\r\n<p>Diese Webseite benutzt das Angebot von Chatbot.co um Fragen von Besuchern bzgl. der Themen und des Inhalts dieses Blogs in Form von einem Chat zu beantworten.\u00a0<\/p>\r\n<p style=\"text-align: justify;\">Bei Aktivierung der Chat-Funktion dieser Website werden zus\u00e4tzliche personenbezogene Daten verarbeitet. Dabei verarbeitete Datenkategorien: technische Verbindungsdaten des Serverzugriffs (IP-Adresse, Datum, Uhrzeit, abgefragte Seite, Browser-Informationen), Informationen \u00fcber Ihre Anfrage und Kontaktdaten wie Name oder E-Mail-Adresse. Zweck der Verarbeitung: Untersuchung des Nutzungsverhaltens, Unterst\u00fctzung von Website-Besuchern bei technischen oder inhaltlichen Fragen und Optimierung von Inhalten.<\/p>\r\n<p style=\"text-align: justify;\">Die Rechtsgrundlage f\u00fcr die Verarbeitung: Ihre Einwilligung nach Art. 6 (1) a DSGVO. Eine \u00dcbermittlung von Daten erfolgt: an den selbst\u00e4ndigen Verantwortlichen CHATBASE.CO INC, 4700 Keele Street, 215 Bergeron Centre of Engineering Excellence, Toronto, ON, M3J 1P3, Kanada (<a href=\"https:\/\/www.chatbase.co\/\" target=\"_blank\" rel=\"noopener\">https:\/\/www.chatbase.co\/<\/a>). Die Rechtsgrundlage f\u00fcr die Daten\u00fcbermittlung an CHATBASE.CO INC ist Ihre Einwilligung nach Art. 6 (1) a DSGVO. Dies kann auch eine \u00dcbermittlung von personenbezogenen Daten in ein Land au\u00dferhalb der Europ\u00e4ischen Union bedeuten. Die \u00dcbermittlung der Daten nach Kanada erfolgt aufgrund Art. 45 DSGVO iVm der Angemessenheitsentscheidung C(2001) 4539 der Europ\u00e4ischen Kommission. Die Datenschutzerkl\u00e4rung von CHATBASE.CO INC: <a href=\"https:\/\/www.chatbase.co\/privacy\" target=\"_blank\" rel=\"noopener\">https:\/\/www.chatbase.co\/privacy<\/a>.<\/p>\r\n\r\n\r\n<p><strong>Widerruf, \u00c4nderungen, Berichtigungen und Aktualisierungen<\/strong><\/p>\r\n\r\n\r\n<p>Der Nutzer hat das Recht, auf Antrag unentgeltlich Auskunft zu erhalten \u00fcber die personenbezogenen Daten, die \u00fcber ihn gespeichert wurden. Zus\u00e4tzlich hat der Nutzer das Recht auf Berichtigung unrichtiger Daten, Sperrung und L\u00f6schung seiner personenbezogenen Daten, soweit dem keine gesetzliche Aufbewahrungspflicht entgegensteht.<\/p>\r\n","protected":false},"excerpt":{"rendered":"<p>Datenschutzerkl\u00e4rung gem\u00e4\u00df DSGVO Geltungsbereich Diese Datenschutzerkl\u00e4rung kl\u00e4rt Nutzer \u00fcber die Art, den Umfang und Zwecke der Erhebung und Verwendung personenbezogener Daten durch den verantwortlichen Anbieter (Peter Awiszus Tel.: 023113385602 Email: p.awiszus@nerd-o-mania.de)\u00a0auf dieser Website (im folgenden \u201cAngebot\u201d) auf. Die rechtlichen Grundlagen des Datenschutzes finden sich im Bundesdatenschutzgesetz (BDSG) und dem Telemediengesetz (TMG). Zugriffsdaten\/ Server-Logfiles Der Anbieter &hellip;<\/p>\n","protected":false},"author":59,"featured_media":0,"parent":0,"menu_order":0,"comment_status":"closed","ping_status":"closed","template":"","meta":{"activitypub_content_warning":"","activitypub_content_visibility":"","activitypub_max_image_attachments":4,"activitypub_interaction_policy_quote":"anyone","activitypub_status":"","footnotes":""},"class_list":["post-13872","page","type-page","status-publish","hentry"],"jetpack_likes_enabled":true,"_links":{"self":[{"href":"https:\/\/www.nerd-o-mania.de\/wordpress\/wp-json\/wp\/v2\/pages\/13872","targetHints":{"allow":["GET"]}}],"collection":[{"href":"https:\/\/www.nerd-o-mania.de\/wordpress\/wp-json\/wp\/v2\/pages"}],"about":[{"href":"https:\/\/www.nerd-o-mania.de\/wordpress\/wp-json\/wp\/v2\/types\/page"}],"author":[{"embeddable":true,"href":"https:\/\/www.nerd-o-mania.de\/wordpress\/wp-json\/wp\/v2\/users\/59"}],"replies":[{"embeddable":true,"href":"https:\/\/www.nerd-o-mania.de\/wordpress\/wp-json\/wp\/v2\/comments?post=13872"}],"version-history":[{"count":2,"href":"https:\/\/www.nerd-o-mania.de\/wordpress\/wp-json\/wp\/v2\/pages\/13872\/revisions"}],"predecessor-version":[{"id":38308,"href":"https:\/\/www.nerd-o-mania.de\/wordpress\/wp-json\/wp\/v2\/pages\/13872\/revisions\/38308"}],"wp:attachment":[{"href":"https:\/\/www.nerd-o-mania.de\/wordpress\/wp-json\/wp\/v2\/media?parent=13872"}],"curies":[{"name":"wp","href":"https:\/\/api.w.org\/{rel}","templated":true}]}}