{"id":25446,"date":"2021-04-01T06:56:18","date_gmt":"2021-04-01T04:56:18","guid":{"rendered":"https:\/\/www.nerd-o-mania.de\/wordpress\/?page_id=25446"},"modified":"2021-04-01T07:13:46","modified_gmt":"2021-04-01T05:13:46","slug":"nutzungsbedingungen-internet-forum","status":"publish","type":"page","link":"https:\/\/www.nerd-o-mania.de\/wordpress\/nutzungsbedingungen-internet-forum\/","title":{"rendered":"Nutzungsbedingungen Internet-Forum"},"content":{"rendered":"<h2>Nutzungsbedingungen Internet-Forum<\/h2>\n<h3>Nutzungsbedingungen Internet-Forum<\/h3>\n<h4>1. Geltungsbereich<\/h4>\n<p style=\"text-align: left;\">F\u00fcr die Nutzung dieser Website gelten im Verh\u00e4ltnis zwischen dem Nutzer und dem Betreiber der Seite (im Folgenden: Anbieter) die folgenden Nutzungsbedingungen. Die Nutzung des Forums und der Communityfunktionen ist nur zul\u00e4ssig, wenn der Nutzer diese Nutzungsbedingungen akzeptiert.<\/p>\n<h4>2. Registrierung, Teilnahme, Mitgliedschaft in der Community<\/h4>\n<p style=\"text-align: left;\">(1) Voraussetzung f\u00fcr die Nutzung des Forums und der Community ist eine vorherige Registrierung. Mit der erfolgreichen Registrierung wird der Nutzer Mitglied der Community.<\/p>\n<p style=\"text-align: left;\">(2) Es besteht kein Anspruch auf eine Mitgliedschaft.<\/p>\n<p style=\"text-align: left;\">(3) Der Nutzer darf seinen Zugang nicht Dritten zur Nutzung \u00fcberlassen. Der Nutzer ist verpflichtet, seine Zugangsdaten geheim zu halten und vor dem Zugriff Dritter zu sch\u00fctzen.<\/p>\n<h4>3. Leistungen des Anbieters<\/h4>\n<p style=\"text-align: left;\">(1) Der Anbieter gestattet dem Nutzer, im Rahmen dieser Nutzungsbedingungen Beitr\u00e4ge auf seiner Webseite zu ver\u00f6ffentlichen. Der Anbieter stellt den Nutzern dazu im Rahmen seiner technischen und wirtschaftlichen M\u00f6glichkeiten unentgeltlich ein Diskussionsforum mit Communityfunktionen zur Verf\u00fcgung. Der Anbieter ist bem\u00fcht, seinen Dienst verf\u00fcgbar zu halten. Der Anbieter \u00fcbernimmt keine dar\u00fcber hinausgehenden Leistungspflichten. Insbesondere besteht kein Anspruch des Nutzers auf eine st\u00e4ndige Verf\u00fcgbarkeit des Dienstes.(2) Der Anbieter \u00fcbernimmt keine Gew\u00e4hr f\u00fcr die Richtigkeit, Vollst\u00e4ndigkeit, Verl\u00e4sslichkeit, Aktualit\u00e4t und Brauchbarkeit der bereit gestellten Inhalte.<\/p>\n<h4>4. Haftungsausschluss<\/h4>\n<p style=\"text-align: left;\">(1) Schadensersatzanspr\u00fcche des Nutzers sind ausgeschlossen, soweit nachfolgend nichts anderes bestimmt ist. Der vorstehende Haftungsausschluss gilt auch zugunsten der gesetzlichen Vertreter und Erf\u00fcllungsgehilfen des Anbieters, sofern der Nutzer Anspr\u00fcche gegen diese geltend macht.(2) Von dem in Absatz 1 bestimmten Haftungsausschluss ausgenommen sind Schadensersatzanspr\u00fcche aufgrund einer Verletzung des Lebens, des K\u00f6rpers, der Gesundheit und Schadensersatzanspr\u00fcche aus der Verletzung wesentlicher Vertragspflichten. Wesentliche Vertragspflichten sind solche, deren Erf\u00fcllung zur Erreichung des Ziels des Vertrags notwendig ist. Von dem Haftungsausschluss ebenfalls ausgenommen ist die Haftung f\u00fcr Sch\u00e4den, die auf einer vors\u00e4tzlichen oder grob fahrl\u00e4ssigen Pflichtverletzung des Anbieters, seiner gesetzlichen Vertreter oder Erf\u00fcllungsgehilfen beruhen.<\/p>\n<h4>5. Pflichten des Nutzers<\/h4>\n<p style=\"text-align: left;\">(1) Der Nutzer verpflichtet sich gegen\u00fcber dem Anbieter, keine Beitr\u00e4ge zu ver\u00f6ffentlichen, die gegen die guten Sitten oder geltendes Recht versto\u00dfen. Der Nutzer verpflichtet sich insbesondere dazu, keine Beitr\u00e4ge zu ver\u00f6ffentlichen,<\/p>\n<p style=\"text-align: left;\">deren Ver\u00f6ffentlichung einen Straftatbestand erf\u00fcllt oder eine Ordnungswidrigkeit darstellt,<br \/>\ndie gegen das Urheberrecht, Markenrecht oder Wettbewerbsrecht versto\u00dfen,<br \/>\ndie gegen das Rechtsdienstleistungsgesetz versto\u00dfen,<br \/>\ndie beleidigenden, rassistischen, diskriminierenden oder pornographischen Inhalt haben,<br \/>\ndie Werbung enthalten.<\/p>\n<p style=\"text-align: left;\">(2) Bei einem Versto\u00df gegen die Verpflichtung aus Absatz 1 ist der Anbieter berechtigt, die entsprechenden Beitr\u00e4ge abzu\u00e4ndern oder zu l\u00f6schen und den Zugang des Nutzers zu sperren. Der Nutzer ist verpflichtet, dem Anbieter den durch die Pflichtverletzung entstandenen Schaden zu ersetzen.<\/p>\n<p style=\"text-align: left;\">(3) Der Anbieter hat das Recht, Beitr\u00e4ge und Inhalte zu l\u00f6schen, wenn diese einen Rechtsversto\u00df enthalten k\u00f6nnten.<\/p>\n<p style=\"text-align: left;\">(4) Der Anbieter hat gegen den Nutzer einen Anspruch auf Freistellung von Anspr\u00fcchen Dritter, die diese wegen der Verletzung eines Rechts durch den Nutzer geltend machen. Der Nutzer verpflichtet sich, den Anbieter bei der Abwehr derartiger Anspr\u00fcche zu unterst\u00fctzen. Der Nutzer ist au\u00dferdem verpflichtet, die Kosten einer angemessenen Rechtsverteidigung des Anbieters zu tragen.<\/p>\n<h4>6. \u00dcbertragung von Nutzungsrechten<\/h4>\n<p style=\"text-align: left;\">(1) Das Urheberrecht f\u00fcr die eingestellten Beitr\u00e4ge verbleibt beim jeweiligen Nutzer. Der Nutzer r\u00e4umt dem Anbieter mit dem Einstellen seines Beitrags in das Forum jedoch das Recht ein, den Beitrag dauerhaft auf seiner Webseite zum Abruf bereitzuhalten und \u00f6ffentlich zug\u00e4nglich zu machen. Der Anbieter hat das Recht, Beitr\u00e4ge innerhalb seiner Webseite zu verschieben und mit anderen Inhalten zu verbinden.<\/p>\n<p style=\"text-align: left;\">(2) Der Nutzer hat gegen den Anbieter keinen Anspruch auf L\u00f6schung oder Berichtigung von ihm erstellter Beitr\u00e4ge.<\/p>\n<h4>7. Beendigung der Mitgliedschaft<\/h4>\n<p style=\"text-align: left;\">(1) Der Nutzer kann seine Mitgliedschaft durch eine entsprechende Erkl\u00e4rung gegen\u00fcber dem Anbieter ohne Einhaltung einer Frist beenden. Auf Verlangen wird der Anbieter daraufhin den Zugang des Nutzers sperren.(2) Der Anbieter ist berechtigt, die Mitgliedschaft eines Nutzers unter Einhaltung einer Frist von 2 Wochen zum Monatsende zu k\u00fcndigen.<\/p>\n<p style=\"text-align: left;\">(3) Bei Vorliegen eines wichtigen Grundes ist der Anbieter berechtigt, den Zugang des Nutzers sofort zu sperren und die Mitgliedschaft ohne Einhaltung einer Frist zu k\u00fcndigen.<\/p>\n<p style=\"text-align: left;\">(4) Der Anbieter ist nach Beendigung der Mitgliedschaft berechtigt, den Zugang des Nutzers zu sperren. Der Anbieter ist berechtigt aber nicht verpflichtet, im Falle der Beendigung der Mitgliedschaft die vom Nutzer erstellten Inhalte zu l\u00f6schen. Ein Anspruch des Nutzers auf \u00dcberlassung der erstellten Inhalte wird ausgeschlossen.<\/p>\n<h4>8. \u00c4nderung oder Einstellung des Angebots<\/h4>\n<p style=\"text-align: left;\">(1) Der Anbieter ist berechtigt, \u00c4nderungen an seinem Dienst vorzunehmen.<\/p>\n<p style=\"text-align: left;\">(2) Der Anbieter ist berechtigt, seinen Dienst unter Einhaltung einer Ank\u00fcndigungsfrist von 2 Wochen zu beenden. Im Falle der Beendigung seines Dienstes ist der Anbieter berechtigt aber nicht verpflichtet, die von den Nutzern erstellten Inhalte zu l\u00f6schen.<\/p>\n<h4>9. Rechtswahl<\/h4>\n<p style=\"text-align: left;\">Auf die vertraglichen Beziehungen zwischen dem Anbieter und dem Nutzer findet das Recht der Bundesrepublik Deutschland Anwendung. Von dieser Rechtswahl ausgenommen sind die zwingenden Verbraucherschutzvorschriften des Landes, in dem der Nutzer seinen gew\u00f6hnlichen Aufenthalt hat<\/p>\n","protected":false},"excerpt":{"rendered":"<p>Nutzungsbedingungen Internet-Forum Nutzungsbedingungen Internet-Forum 1. Geltungsbereich F\u00fcr die Nutzung dieser Website gelten im Verh\u00e4ltnis zwischen dem Nutzer und dem Betreiber der Seite (im Folgenden: Anbieter) die folgenden Nutzungsbedingungen. Die Nutzung des Forums und der Communityfunktionen ist nur zul\u00e4ssig, wenn der Nutzer diese Nutzungsbedingungen akzeptiert. 2. Registrierung, Teilnahme, Mitgliedschaft in der Community (1) Voraussetzung f\u00fcr die &hellip;<\/p>\n","protected":false},"author":59,"featured_media":0,"parent":0,"menu_order":0,"comment_status":"closed","ping_status":"closed","template":"","meta":{"activitypub_content_warning":"","activitypub_content_visibility":"","activitypub_max_image_attachments":4,"activitypub_interaction_policy_quote":"anyone","activitypub_status":"","footnotes":""},"class_list":["post-25446","page","type-page","status-publish","hentry"],"jetpack_likes_enabled":true,"_links":{"self":[{"href":"https:\/\/www.nerd-o-mania.de\/wordpress\/wp-json\/wp\/v2\/pages\/25446","targetHints":{"allow":["GET"]}}],"collection":[{"href":"https:\/\/www.nerd-o-mania.de\/wordpress\/wp-json\/wp\/v2\/pages"}],"about":[{"href":"https:\/\/www.nerd-o-mania.de\/wordpress\/wp-json\/wp\/v2\/types\/page"}],"author":[{"embeddable":true,"href":"https:\/\/www.nerd-o-mania.de\/wordpress\/wp-json\/wp\/v2\/users\/59"}],"replies":[{"embeddable":true,"href":"https:\/\/www.nerd-o-mania.de\/wordpress\/wp-json\/wp\/v2\/comments?post=25446"}],"version-history":[{"count":0,"href":"https:\/\/www.nerd-o-mania.de\/wordpress\/wp-json\/wp\/v2\/pages\/25446\/revisions"}],"wp:attachment":[{"href":"https:\/\/www.nerd-o-mania.de\/wordpress\/wp-json\/wp\/v2\/media?parent=25446"}],"curies":[{"name":"wp","href":"https:\/\/api.w.org\/{rel}","templated":true}]}}