{"id":29220,"date":"2022-10-02T21:53:42","date_gmt":"2022-10-02T19:53:42","guid":{"rendered":"https:\/\/www.nerd-o-mania.de\/wordpress\/?page_id=29220"},"modified":"2022-10-02T22:12:21","modified_gmt":"2022-10-02T20:12:21","slug":"blog-abonnieren","status":"publish","type":"page","link":"https:\/\/www.nerd-o-mania.de\/wordpress\/blog-abonnieren\/","title":{"rendered":"Blog abonnieren"},"content":{"rendered":"\n\n\n<div class=\"wp-block-jetpack-subscriptions wp-block-jetpack-subscriptions__supports-newline\">[jetpack_subscription_form show_subscribers_total=&#8220;false&#8220; button_on_newline=&#8220;false&#8220; custom_font_size=&#8220;16px&#8220; custom_border_radius=&#8220;0&#8243; custom_border_weight=&#8220;1&#8243; custom_padding=&#8220;15&#8243; custom_spacing=&#8220;10&#8243; submit_button_classes=&#8220;&#8220; email_field_classes=&#8220;&#8220; show_only_email_and_button=&#8220;true&#8220; success_message=&#8220;Sehr sch\u00f6n! Es wurde gerade eine E-Mail versandt, um dein Abonnement zu best\u00e4tigen. Bitte \u00f6ffne diese E-Mail jetzt und klicke auf &#8222;Folgen best\u00e4tigen&#8220;, um dein Abonnement zu starten.&#8220;]<\/div>\n","protected":false},"excerpt":{"rendered":"<p>[jetpack_subscription_form show_subscribers_total=&#8220;false&#8220; button_on_newline=&#8220;false&#8220; custom_font_size=&#8220;16px&#8220; custom_border_radius=&#8220;0&#8243; custom_border_weight=&#8220;1&#8243; custom_padding=&#8220;15&#8243; custom_spacing=&#8220;10&#8243; submit_button_classes=&#8220;&#8220; email_field_classes=&#8220;&#8220; show_only_email_and_button=&#8220;true&#8220; success_message=&#8220;Sehr sch\u00f6n! Es wurde gerade eine E-Mail versandt, um dein Abonnement zu best\u00e4tigen. Bitte \u00f6ffne diese E-Mail jetzt und klicke auf &#8222;Folgen best\u00e4tigen&#8220;, um dein Abonnement zu starten.&#8220;]<\/p>\n","protected":false},"author":59,"featured_media":0,"parent":0,"menu_order":0,"comment_status":"closed","ping_status":"closed","template":"","meta":{"activitypub_content_warning":"","activitypub_content_visibility":"","activitypub_max_image_attachments":4,"activitypub_interaction_policy_quote":"anyone","activitypub_status":"","footnotes":""},"class_list":["post-29220","page","type-page","status-publish","hentry"],"jetpack_likes_enabled":true,"_links":{"self":[{"href":"https:\/\/www.nerd-o-mania.de\/wordpress\/wp-json\/wp\/v2\/pages\/29220","targetHints":{"allow":["GET"]}}],"collection":[{"href":"https:\/\/www.nerd-o-mania.de\/wordpress\/wp-json\/wp\/v2\/pages"}],"about":[{"href":"https:\/\/www.nerd-o-mania.de\/wordpress\/wp-json\/wp\/v2\/types\/page"}],"author":[{"embeddable":true,"href":"https:\/\/www.nerd-o-mania.de\/wordpress\/wp-json\/wp\/v2\/users\/59"}],"replies":[{"embeddable":true,"href":"https:\/\/www.nerd-o-mania.de\/wordpress\/wp-json\/wp\/v2\/comments?post=29220"}],"version-history":[{"count":0,"href":"https:\/\/www.nerd-o-mania.de\/wordpress\/wp-json\/wp\/v2\/pages\/29220\/revisions"}],"wp:attachment":[{"href":"https:\/\/www.nerd-o-mania.de\/wordpress\/wp-json\/wp\/v2\/media?parent=29220"}],"curies":[{"name":"wp","href":"https:\/\/api.w.org\/{rel}","templated":true}]}}