{"id":6013,"date":"2013-04-28T15:16:29","date_gmt":"2013-04-28T13:16:29","guid":{"rendered":"http:\/\/www.nerd-o-mania.de\/wordpress\/?page_id=6013"},"modified":"2017-03-18T20:54:30","modified_gmt":"2017-03-18T19:54:30","slug":"404-seite-nicht-gefunden","status":"publish","type":"page","link":"https:\/\/www.nerd-o-mania.de\/wordpress\/404-seite-nicht-gefunden\/","title":{"rendered":"404 &#8211; Seite nicht gefunden"},"content":{"rendered":"<h2>UUpps&#8230;<\/h2>\n<p>Na, das war wohl nix..<\/p>\n<p>Die Seite die Du suchst gibt es hier nicht, und dabei haben wir wirklich \u00fcberall gesucht.<\/p>\n<p>Selbst in den hintersten Ecken &#8211; kannste uns\u00a0glauben, echt!<\/p>\n<p>Wir vermuten, dass ein\u00a0\u00a0b\u00f6ses Alien, auf seinem Weg die Weltherrschaft an sich zu rei\u00dfen, die Seite gel\u00f6scht hat..<\/p>\n<p>Ist aber wie gesagt, nur &#8217;ne Vermutung!<\/p>\n<hr style=\"width: 100%;\" width=\"100%\" \/>\n<p>&nbsp;<\/p>\n<p><a href=\"https:\/\/www.nerd-o-mania.de\/wordpress\/wp-content\/uploads\/2013\/04\/alien.png\"><img loading=\"lazy\" decoding=\"async\" class=\"size-medium wp-image-6014 alignleft\" src=\"https:\/\/www.nerd-o-mania.de\/wordpress\/wp-content\/uploads\/2013\/04\/alien-175x300.png\" alt=\"alien\" width=\"175\" height=\"300\" title=\"\"><\/a><\/p>\n","protected":false},"excerpt":{"rendered":"<p>UUpps&#8230; Na, das war wohl nix.. Die Seite die Du suchst gibt es hier nicht, und dabei haben wir wirklich \u00fcberall gesucht. Selbst in den hintersten Ecken &#8211; kannste uns\u00a0glauben, echt! Wir vermuten, dass ein\u00a0\u00a0b\u00f6ses Alien, auf seinem Weg die Weltherrschaft an sich zu rei\u00dfen, die Seite gel\u00f6scht hat.. Ist aber wie gesagt, nur &#8217;ne &hellip;<\/p>\n","protected":false},"author":59,"featured_media":0,"parent":0,"menu_order":0,"comment_status":"closed","ping_status":"closed","template":"","meta":{"activitypub_content_warning":"","activitypub_content_visibility":"","activitypub_max_image_attachments":4,"activitypub_interaction_policy_quote":"anyone","activitypub_status":"","footnotes":""},"class_list":["post-6013","page","type-page","status-publish","hentry"],"jetpack_likes_enabled":true,"_links":{"self":[{"href":"https:\/\/www.nerd-o-mania.de\/wordpress\/wp-json\/wp\/v2\/pages\/6013","targetHints":{"allow":["GET"]}}],"collection":[{"href":"https:\/\/www.nerd-o-mania.de\/wordpress\/wp-json\/wp\/v2\/pages"}],"about":[{"href":"https:\/\/www.nerd-o-mania.de\/wordpress\/wp-json\/wp\/v2\/types\/page"}],"author":[{"embeddable":true,"href":"https:\/\/www.nerd-o-mania.de\/wordpress\/wp-json\/wp\/v2\/users\/59"}],"replies":[{"embeddable":true,"href":"https:\/\/www.nerd-o-mania.de\/wordpress\/wp-json\/wp\/v2\/comments?post=6013"}],"version-history":[{"count":0,"href":"https:\/\/www.nerd-o-mania.de\/wordpress\/wp-json\/wp\/v2\/pages\/6013\/revisions"}],"wp:attachment":[{"href":"https:\/\/www.nerd-o-mania.de\/wordpress\/wp-json\/wp\/v2\/media?parent=6013"}],"curies":[{"name":"wp","href":"https:\/\/api.w.org\/{rel}","templated":true}]}}